{"id":7033,"date":"2024-08-10T00:05:31","date_gmt":"2024-08-10T00:05:31","guid":{"rendered":"https:\/\/info.nigertravail.com\/?page_id=7033"},"modified":"2025-07-06T23:10:16","modified_gmt":"2025-07-06T21:10:16","slug":"accueil-2","status":"publish","type":"page","link":"https:\/\/info7niger.tv\/","title":{"rendered":"Accueil"},"content":{"rendered":"\t\t<div data-elementor-type=\"wp-page\" data-elementor-id=\"7033\" class=\"elementor elementor-7033\">\n\t\t\t\t<div class=\"elementor-element elementor-element-ec21e48 e-con-full e-flex e-con e-parent\" data-id=\"ec21e48\" data-element_type=\"container\">\n\t\t<div class=\"elementor-element elementor-element-82d5ddf e-flex e-con-boxed e-con e-child\" data-id=\"82d5ddf\" data-element_type=\"container\" data-settings=\"{&quot;background_background&quot;:&quot;classic&quot;}\">\n\t\t\t\t\t<div class=\"e-con-inner\">\n\t\t<div class=\"elementor-element elementor-element-2f74e7f e-con-full e-flex e-con e-child\" data-id=\"2f74e7f\" data-element_type=\"container\">\n\t\t\t\t<div class=\"elementor-element elementor-element-9eee457 elementor-widget elementor-widget-shortcode\" data-id=\"9eee457\" data-element_type=\"widget\" data-widget_type=\"shortcode.default\">\n\t\t\t\t\t\t\t<div class=\"elementor-shortcode\">\n\n<div id=\"sb_youtube_sbyUC8dosYwmiEbFymggqrFSWOw4\" \n\t class=\"sb_youtube sby_layout_gallery sby_col_3 sby_mob_col_2 sby_palette_custom  sby_width_resp\" \n\tdata-feedid=\"sby_UC8dosYwmiEbFymggqrFSWOw#4\" \n\tdata-shortcode-atts=\"{&quot;feed&quot;:&quot;1&quot;}\" \n\tdata-cols=\"3\" \n\tdata-colsmobile=\"2\" \n\tdata-num=\"4\" \n\tdata-nummobile=\"4\" \n\tdata-channel-subscribers=\"949 abonn\u00e9es et abonn\u00e9s\"\tdata-subscribe-btn=\"1\" \n\tdata-subscribe-btn-text=\"S&#039;abonner\" \n\tdata_channel_header_colors =\"{&quot;channelName&quot;:&quot;&quot;,&quot;subscribeCount&quot;:&quot;&quot;,&quot;buttonBackground&quot;:&quot;&quot;,&quot;buttonText&quot;:&quot;&quot;}\"\n\t data-sby-flags=\"resizeDisable,ajaxPostLoad,narrowPlayer\" data-postid=\"7033\" \n\t data-videocardlayout=\"vertical\" \n>\n\t    <div id=\"sby_player_VVU4ZG9zWXdtaUViRnltZ2dxckZTV093Lm9kaWdRbXRfZHc0\" class=\"sby_player_outer_wrap sby_player_item\"  style=\"padding: 2px;padding-bottom: 0;\">\n    <div class=\"sby_video_thumbnail_wrap\">\n        <a class=\"sby_video_thumbnail sby_player_video_thumbnail\" href=\"https:\/\/www.youtube.com\/watch?v=odigQmt_dw4\" target=\"_blank\" rel=\"noopener\" data-full-res=\"https:\/\/i.ytimg.com\/vi\/odigQmt_dw4\/maxresdefault.jpg\" data-img-src-set=\"{&quot;120&quot;:&quot;https:\\\/\\\/i.ytimg.com\\\/vi\\\/odigQmt_dw4\\\/default.jpg&quot;,&quot;320&quot;:&quot;https:\\\/\\\/i.ytimg.com\\\/vi\\\/odigQmt_dw4\\\/mqdefault.jpg&quot;,&quot;480&quot;:&quot;https:\\\/\\\/i.ytimg.com\\\/vi\\\/odigQmt_dw4\\\/hqdefault.jpg&quot;,&quot;640&quot;:&quot;https:\\\/\\\/i.ytimg.com\\\/vi\\\/odigQmt_dw4\\\/sddefault.jpg&quot;}\" data-video-id=\"odigQmt_dw4\">\n            <span class=\"sby-screenreader\">Vid\u00e9o YouTube VVU4ZG9zWXdtaUViRnltZ2dxckZTV093Lm9kaWdRbXRfZHc0<\/span>\n            <img decoding=\"async\" src=\"https:\/\/info7niger.tv\/wp-content\/plugins\/feeds-for-youtube\/img\/placeholder.png\" alt=\"\">\n            <span class=\"sby_loader sby_hidden\" style=\"background-color: rgb(255, 255, 255);\"><\/span>\n        <\/a>\n                    <div class=\"sby_play_btn\">\n            <svg aria-hidden=\"true\" focusable=\"false\" data-prefix=\"fab\" data-icon=\"youtube\" role=\"img\" xmlns=\"http:\/\/www.w3.org\/2000\/svg\" viewBox=\"0 0 576 512\" class=\"svg-inline--fa fa-youtube fa-w-18\"><path fill=\"currentColor\" d=\"M549.655 124.083c-6.281-23.65-24.787-42.276-48.284-48.597C458.781 64 288 64 288 64S117.22 64 74.629 75.486c-23.497 6.322-42.003 24.947-48.284 48.597-11.412 42.867-11.412 132.305-11.412 132.305s0 89.438 11.412 132.305c6.281 23.65 24.787 41.5 48.284 47.821C117.22 448 288 448 288 448s170.78 0 213.371-11.486c23.497-6.321 42.003-24.171 48.284-47.821 11.412-42.867 11.412-132.305 11.412-132.305s0-89.438-11.412-132.305zm-317.51 213.508V175.185l142.739 81.205-142.739 81.201z\" class=\"\"><\/path><\/svg>                <span class=\"sby_play_btn_bg\"><\/span>\n            <\/div>\n                <div class=\"sby_player_wrap\">\n            <div class=\"sby_player\"><\/div>\n        <\/div>\n    <\/div>\n<\/div>\n    <div class=\"sby_items_wrap\" style=\"padding: 2px;\">\n\t\t    <\/div>\n    \n\t<div class=\"sby_footer\">\n\n    <button type=\"button\" aria-label=\"Load more content\" class=\"sby_load_btn\"  >\n        <span class=\"sby_btn_text\" >Charger plus\u2026<\/span>\n        <span class=\"sby_loader sby_hidden\" style=\"background-color: rgb(255, 255, 255);\"><\/span>\n    <\/button>\n\n    <span \n        class=\"sby_follow_btn\" \n            >\n        <a \n            href=\"https:\/\/www.youtube.com\/channel\/UC8dosYwmiEbFymggqrFSWOw\/\"\n             \n            target=\"_blank\" \n            rel=\"noopener\"\n        >\n            <svg aria-hidden=\"true\" focusable=\"false\" data-prefix=\"fab\" data-icon=\"youtube\" role=\"img\" xmlns=\"http:\/\/www.w3.org\/2000\/svg\" viewBox=\"0 0 576 512\" class=\"svg-inline--fa fa-youtube fa-w-18\"><path fill=\"currentColor\" d=\"M549.655 124.083c-6.281-23.65-24.787-42.276-48.284-48.597C458.781 64 288 64 288 64S117.22 64 74.629 75.486c-23.497 6.322-42.003 24.947-48.284 48.597-11.412 42.867-11.412 132.305-11.412 132.305s0 89.438 11.412 132.305c6.281 23.65 24.787 41.5 48.284 47.821C117.22 448 288 448 288 448s170.78 0 213.371-11.486c23.497-6.321 42.003-24.171 48.284-47.821 11.412-42.867 11.412-132.305 11.412-132.305s0-89.438-11.412-132.305zm-317.51 213.508V175.185l142.739 81.205-142.739 81.201z\" class=\"\"><\/path><\/svg>            <span  >\n                S&#039;abonner            <\/span>\n        <\/a>\n    <\/span>\n<\/div>\n    \n\t\n<\/div>\n\n\t<style type=\"text\/css\">\n\t\t\tbody #sb_youtube_sbyUC8dosYwmiEbFymggqrFSWOw4.sb_youtube.sby_palette_custom {\n\t\t\tbackground: #FFFFFF;\n\t\t}\n    \t\t\tbody #sb_youtube_sbyUC8dosYwmiEbFymggqrFSWOw4.sb_youtube.sby_palette_custom .sby_video_title{\n\t\t\tcolor: #FFFFFF;\n\t\t}\n    \t\t\t\tbody #sb_youtube_sbyUC8dosYwmiEbFymggqrFSWOw4.sb_youtube.sby_palette_custom .sb_youtube_header .sby_header_text .sby_bio,\n\t\tbody #sb_youtube_sbyUC8dosYwmiEbFymggqrFSWOw4.sb_youtube.sby_palette_custom .sb_youtube_header .sby_header_text h3,\n\t\tbody #sb_youtube_sbyUC8dosYwmiEbFymggqrFSWOw4.sb_youtube.sby_palette_custom .sb_youtube_header .sby_header_text .sby_subscribers{\n\t\t\tcolor: #FFFCFC;\n\t\t}\n    \t\t\tbody #sb_youtube_sbyUC8dosYwmiEbFymggqrFSWOw4.sb_youtube.sby_palette_custom .sby_follow_btn a {\n\t\t\tbackground: #2B4EE9;\n\t\t}\n    \t\t\tbody #sb_youtube_sbyUC8dosYwmiEbFymggqrFSWOw4.sb_youtube.sby_palette_custom .sby_footer .sby_load_btn {\n\t\t\tbackground: #E92B2B;\n\t\t}\n        <\/style>\n\t<style type=\"text\/css\">body #sb_youtube_sbyUC8dosYwmiEbFymggqrFSWOw4 .sby_caption_wrap .sby_caption { font-size: 13px !important}body #sb_youtube_sbyUC8dosYwmiEbFymggqrFSWOw4 .sby_follow_btn a:hover { box-shadow:inset 0 0 10px 20px rgb(255, 255, 255, .25) !important}body #sb_youtube_sbyUC8dosYwmiEbFymggqrFSWOw4[data-videostyle=boxed] .sby_items_wrap .sby_item .sby_inner_item { background-color: #ffffff !important}<\/style><\/div>\n\t\t\t\t\t\t<\/div>\n\t\t\t\t<\/div>\n\t\t\t\t\t<\/div>\n\t\t\t\t<\/div>\n\t\t\t\t<\/div>\n\t\t<div class=\"elementor-element elementor-element-65194bd e-flex e-con-boxed e-con e-parent\" data-id=\"65194bd\" data-element_type=\"container\">\n\t\t\t\t\t<div class=\"e-con-inner\">\n\t\t<div class=\"elementor-element elementor-element-2ff1274 e-con-full e-flex e-con e-child\" data-id=\"2ff1274\" data-element_type=\"container\">\n\t\t\t\t<div class=\"elementor-element elementor-element-f66e530 elementor-widget elementor-widget-shortcode\" data-id=\"f66e530\" data-element_type=\"widget\" data-widget_type=\"shortcode.default\">\n\t\t\t\t\t\t\t<div class=\"elementor-shortcode\">\n\n<div id=\"sb_youtube_sbyUC8dosYwmiEbFymggqrFSWOw8\" \n\t class=\"sb_youtube sby_layout_grid sby_col_2 sby_mob_col_2 sby_palette_inherit  sby_width_resp\" \n\tdata-feedid=\"sby_UC8dosYwmiEbFymggqrFSWOw#8\" \n\tdata-shortcode-atts=\"{&quot;feed&quot;:&quot;2&quot;}\" \n\tdata-cols=\"2\" \n\tdata-colsmobile=\"2\" \n\tdata-num=\"8\" \n\tdata-nummobile=\"8\" \n\tdata-channel-subscribers=\"949 abonn\u00e9es et abonn\u00e9s\"\tdata-subscribe-btn=\"1\" \n\tdata-subscribe-btn-text=\"S&#039;abonner\" \n\tdata_channel_header_colors =\"{&quot;channelName&quot;:&quot;&quot;,&quot;subscribeCount&quot;:&quot;&quot;,&quot;buttonBackground&quot;:&quot;&quot;,&quot;buttonText&quot;:&quot;&quot;}\"\n\t data-sby-flags=\"resizeDisable,ajaxPostLoad\" data-postid=\"7033\" data-sby-supports-lightbox=\"1\" \n\t data-videocardlayout=\"vertical\" \n>\n\t        <div class=\"sby_items_wrap\" style=\"padding: 1px;\">\n\t\t    <\/div>\n    \n\t<div class=\"sby_footer\">\n\n    <button type=\"button\" aria-label=\"Load more content\" class=\"sby_load_btn\" style=\"background: rgb(236,15,15);color: rgb(255,255,255);\" >\n        <span class=\"sby_btn_text\" >Plus de vid\u00e9os<\/span>\n        <span class=\"sby_loader sby_hidden\" style=\"background-color: rgb(255, 255, 255);\"><\/span>\n    <\/button>\n\n    <span \n        class=\"sby_follow_btn\" \n            >\n        <a \n            href=\"https:\/\/www.youtube.com\/channel\/UC8dosYwmiEbFymggqrFSWOw\/\"\n             \n            target=\"_blank\" \n            rel=\"noopener\"\n        >\n            <svg aria-hidden=\"true\" focusable=\"false\" data-prefix=\"fab\" data-icon=\"youtube\" role=\"img\" xmlns=\"http:\/\/www.w3.org\/2000\/svg\" viewBox=\"0 0 576 512\" class=\"svg-inline--fa fa-youtube fa-w-18\"><path fill=\"currentColor\" d=\"M549.655 124.083c-6.281-23.65-24.787-42.276-48.284-48.597C458.781 64 288 64 288 64S117.22 64 74.629 75.486c-23.497 6.322-42.003 24.947-48.284 48.597-11.412 42.867-11.412 132.305-11.412 132.305s0 89.438 11.412 132.305c6.281 23.65 24.787 41.5 48.284 47.821C117.22 448 288 448 288 448s170.78 0 213.371-11.486c23.497-6.321 42.003-24.171 48.284-47.821 11.412-42.867 11.412-132.305 11.412-132.305s0-89.438-11.412-132.305zm-317.51 213.508V175.185l142.739 81.205-142.739 81.201z\" class=\"\"><\/path><\/svg>            <span  >\n                S&#039;abonner            <\/span>\n        <\/a>\n    <\/span>\n<\/div>\n    \n\t\n<\/div>\n\n<style type=\"text\/css\">body #sb_youtube_sbyUC8dosYwmiEbFymggqrFSWOw8 .sby_load_btn:hover { background: #1F0E8D !important}body #sb_youtube_sbyUC8dosYwmiEbFymggqrFSWOw8 .sby_caption_wrap .sby_caption { font-size: 13px !important}body #sb_youtube_sbyUC8dosYwmiEbFymggqrFSWOw8 .sby_follow_btn a:hover { box-shadow:inset 0 0 10px 20px rgb(255, 255, 255, .25) !important}body #sb_youtube_sbyUC8dosYwmiEbFymggqrFSWOw8[data-videostyle=boxed] .sby_items_wrap .sby_item .sby_inner_item { background-color: #ffffff !important}<\/style><\/div>\n\t\t\t\t\t\t<\/div>\n\t\t\t\t<\/div>\n\t\t<div class=\"elementor-element elementor-element-d9d3272 e-con-full e-flex e-con e-child\" data-id=\"d9d3272\" data-element_type=\"container\">\n\t\t\t\t<div class=\"elementor-element elementor-element-9ec3261 elementor-widget elementor-widget-elementskit-blog-posts\" data-id=\"9ec3261\" data-element_type=\"widget\" data-widget_type=\"elementskit-blog-posts.default\">\n\t\t\t\t\t<div class=\"ekit-wid-con\" >        <div id=\"post-items--9ec3261\" class=\"row post-items\" data-masonry-config=\"true\">\n                    <div class=\"col-md-12\">\n\n                                    <div class=\"elementskit-blog-block-post\">\n                        <div class=\"row no-gutters\">\n                            \n                            <div class=\"col-md-12 order-2\">\n                                <div class=\"elementskit-post-body \">\n                                    <div class=\"elementskit-entry-header\">\n                                        \n                                            \n                                                                                            \t\t\t\t<h2 class=\"entry-title\">\n\t\t\t\t\t<a href=\"https:\/\/info7niger.tv\/index.php\/2024\/08\/08\/a-loccasion-de-lanniversaire-du-cnsp-a-la-tete-du-pays-les-citoyens-tirent-un-bilan-satisfaisant\/\">\n\t\t\t\t\t\tA l\u2019occasion de l&rsquo;anniversaire du CNSP \u00e0 la t\u00eate du pays, les citoyens tirent un bilan satisfaisant.\t\t\t\t\t<\/a>\n\t\t\t\t<\/h2>\n\t\t\t                                            \n                                                                                <\/div><!-- .elementskit-entry-header END -->\n\n                                                                            <div class=\"elementskit-post-footer\">\n                                                                                                                                                                                                                                    \t\t\t\t\t                                                                                    <\/div><!-- .elementskit-post-footer END -->\n                                                                    <\/div><!-- .elementskit-post-body END -->\n                            <\/div>\n                        <\/div>\n                    <\/div><!-- .elementskit-blog-block-post .radius .gradient-bg END -->\n                \n            <\/div>\n                    <div class=\"col-md-12\">\n\n                                    <div class=\"elementskit-blog-block-post\">\n                        <div class=\"row no-gutters\">\n                            \n                            <div class=\"col-md-12 order-2\">\n                                <div class=\"elementskit-post-body \">\n                                    <div class=\"elementskit-entry-header\">\n                                        \n                                            \n                                                                                            \t\t\t\t<h2 class=\"entry-title\">\n\t\t\t\t\t<a href=\"https:\/\/info7niger.tv\/index.php\/2024\/08\/01\/a-compter-du-23-juillet-prochain-une-baisse-sera-observee-sur-les-hydrocarbures-a-la-pompe\/\">\n\t\t\t\t\t\tA compter du 23 juillet prochain, une baisse sera observ\u00e9e sur les hydrocarbures \u00e0 la pompe.\t\t\t\t\t<\/a>\n\t\t\t\t<\/h2>\n\t\t\t                                            \n                                                                                <\/div><!-- .elementskit-entry-header END -->\n\n                                                                            <div class=\"elementskit-post-footer\">\n                                                                                                                                                                                                                                    \t\t\t\t\t                                                                                    <\/div><!-- .elementskit-post-footer END -->\n                                                                    <\/div><!-- .elementskit-post-body END -->\n                            <\/div>\n                        <\/div>\n                    <\/div><!-- .elementskit-blog-block-post .radius .gradient-bg END -->\n                \n            <\/div>\n                    <div class=\"col-md-12\">\n\n                                    <div class=\"elementskit-blog-block-post\">\n                        <div class=\"row no-gutters\">\n                            \n                            <div class=\"col-md-12 order-2\">\n                                <div class=\"elementskit-post-body \">\n                                    <div class=\"elementskit-entry-header\">\n                                        \n                                            \n                                                                                            \t\t\t\t<h2 class=\"entry-title\">\n\t\t\t\t\t<a href=\"https:\/\/info7niger.tv\/index.php\/2024\/08\/01\/le-riz-du-niger-le-cnsp-ont-mis-tout-en-oeuvre-pour-creer-les-conditions\/\">\n\t\t\t\t\t\tle Riz du Niger, le CNSP, ont mis tout en \u0153uvre pour cr\u00e9er les conditions\t\t\t\t\t<\/a>\n\t\t\t\t<\/h2>\n\t\t\t                                            \n                                                                                <\/div><!-- .elementskit-entry-header END -->\n\n                                                                            <div class=\"elementskit-post-footer\">\n                                                                                                                                                                                                                                    \t\t\t\t\t                                                                                    <\/div><!-- .elementskit-post-footer END -->\n                                                                    <\/div><!-- .elementskit-post-body END -->\n                            <\/div>\n                        <\/div>\n                    <\/div><!-- .elementskit-blog-block-post .radius .gradient-bg END -->\n                \n            <\/div>\n                <\/div>\n       <\/div>\t\t\t\t<\/div>\n\t\t\t\t<\/div>\n\t\t\t\t\t<\/div>\n\t\t\t\t<\/div>\n\t\t\t\t<\/div>\n\t\t","protected":false},"excerpt":{"rendered":"<p>A l\u2019occasion de l&rsquo;anniversaire du CNSP \u00e0 la t\u00eate du pays, les citoyens tirent un bilan satisfaisant. A compter du 23 juillet prochain, une baisse sera observ\u00e9e sur les hydrocarbures \u00e0 la pompe. le Riz du Niger, le CNSP, ont mis tout en \u0153uvre pour cr\u00e9er les conditions<\/p>\n","protected":false},"author":1,"featured_media":0,"parent":0,"menu_order":0,"comment_status":"closed","ping_status":"closed","template":"","meta":{"_joinchat":[],"footnotes":""},"class_list":["post-7033","page","type-page","status-publish","hentry"],"_links":{"self":[{"href":"https:\/\/info7niger.tv\/index.php\/wp-json\/wp\/v2\/pages\/7033","targetHints":{"allow":["GET"]}}],"collection":[{"href":"https:\/\/info7niger.tv\/index.php\/wp-json\/wp\/v2\/pages"}],"about":[{"href":"https:\/\/info7niger.tv\/index.php\/wp-json\/wp\/v2\/types\/page"}],"author":[{"embeddable":true,"href":"https:\/\/info7niger.tv\/index.php\/wp-json\/wp\/v2\/users\/1"}],"replies":[{"embeddable":true,"href":"https:\/\/info7niger.tv\/index.php\/wp-json\/wp\/v2\/comments?post=7033"}],"version-history":[{"count":39,"href":"https:\/\/info7niger.tv\/index.php\/wp-json\/wp\/v2\/pages\/7033\/revisions"}],"predecessor-version":[{"id":7097,"href":"https:\/\/info7niger.tv\/index.php\/wp-json\/wp\/v2\/pages\/7033\/revisions\/7097"}],"wp:attachment":[{"href":"https:\/\/info7niger.tv\/index.php\/wp-json\/wp\/v2\/media?parent=7033"}],"curies":[{"name":"wp","href":"https:\/\/api.w.org\/{rel}","templated":true}]}}